{"id":1532,"date":"2024-06-05T09:33:29","date_gmt":"2024-06-05T09:33:29","guid":{"rendered":"https:\/\/carmendelacerdapsicologia.com\/?page_id=1532"},"modified":"2024-06-26T10:56:59","modified_gmt":"2024-06-26T10:56:59","slug":"politica-de-cookies","status":"publish","type":"page","link":"https:\/\/carmendelacerdapsicologia.com\/index.php\/politica-de-cookies\/","title":{"rendered":"Pol\u00edtica De Cookies"},"content":{"rendered":"<div class=\"fusion-fullwidth fullwidth-box fusion-builder-row-1 fusion-flex-container has-pattern-background has-mask-background nonhundred-percent-fullwidth non-hundred-percent-height-scrolling\" style=\"--awb-border-radius-top-left:0px;--awb-border-radius-top-right:0px;--awb-border-radius-bottom-right:0px;--awb-border-radius-bottom-left:0px;--awb-padding-top:120px;--awb-padding-bottom:0px;--awb-padding-top-small:70px;--awb-margin-bottom:85px;--awb-margin-bottom-small:0px;--awb-background-color:var(--awb-color1);--awb-flex-wrap:wrap;\" ><div class=\"fusion-builder-row fusion-row fusion-flex-align-items-flex-start fusion-flex-justify-content-center fusion-flex-content-wrap\" style=\"max-width:1248px;margin-left: calc(-4% \/ 2 );margin-right: calc(-4% \/ 2 );\"><div class=\"fusion-layout-column fusion_builder_column fusion-builder-column-0 fusion_builder_column_1_1 1_1 fusion-flex-column fusion-animated\" style=\"--awb-bg-size:cover;--awb-width-large:100%;--awb-margin-top-large:0px;--awb-spacing-right-large:1.92%;--awb-margin-bottom-large:80px;--awb-spacing-left-large:1.92%;--awb-width-medium:100%;--awb-order-medium:0;--awb-spacing-right-medium:1.92%;--awb-spacing-left-medium:1.92%;--awb-width-small:100%;--awb-order-small:0;--awb-spacing-right-small:1.92%;--awb-spacing-left-small:1.92%;\" data-animationType=\"fadeInUp\" data-animationDuration=\"0.6\" data-animationOffset=\"top-into-view\"><div class=\"fusion-column-wrapper fusion-column-has-shadow fusion-flex-justify-content-flex-start fusion-content-layout-column\"><div class=\"fusion-title title fusion-title-1 fusion-sep-none fusion-title-center fusion-title-text fusion-title-size-two\" style=\"--awb-font-size:40px;\"><h2 class=\"fusion-title-heading title-heading-center\" style=\"font-family:&quot;Montserrat&quot;;font-style:normal;font-weight:500;margin:0;font-size:1em;\">Pol\u00edtica De Cookies<\/h2><\/div><div class=\"fusion-text fusion-text-1\"><p align=\"center\"><b>&nbsp;<\/b><\/p>\n<p align=\"center\"><b>INFORMACI\u00d3N SOBRE COOKIES<\/b><\/p>\n<p align=\"left\">Conforme con la Ley 34\/2002, de 11 de julio, de servicios de la sociedad de la informaci\u00f3n y de comercio<\/p>\n<p align=\"left\">electr\u00f3nico (LSSI), en relaci\u00f3n con el Reglamento (UE) 2016\/679 del Parlamento Europeo y del Consejo, de 27<\/p>\n<p align=\"left\">de abril de 2016, General de Protecci\u00f3n de Datos (GDPR) y la Ley Org\u00e1nica 3\/2018, de 5 de diciembre, de<\/p>\n<p align=\"left\">Protecci\u00f3n de Datos y Garant\u00eda de los Derechos Digitales (LOPDGDD), es obligado obtener el consentimiento<\/p>\n<p align=\"left\">expreso del usuario de todas las p\u00e1ginas web que usan cookies prescindibles, antes de que este navegue por<\/p>\n<p align=\"left\">ellas.<\/p>\n<p align=\"center\"><b>\u00bfQU\u00c9 SON LAS COOKIES?<\/b><\/p>\n<p align=\"left\">Las cookies y otras tecnolog\u00edas similares tales como local shared objects, flash cookies o p\u00edxeles, son<\/p>\n<p align=\"left\">herramientas empleadas por los servidores Web para almacenar y recuperar informaci\u00f3n acerca de sus<\/p>\n<p align=\"left\">visitantes, as\u00ed como para ofrecer un correcto funcionamiento del sitio.<\/p>\n<p align=\"left\">Mediante el uso de estos dispositivos se permite al servidor Web recordar algunos datos concernientes al<\/p>\n<p align=\"left\">usuario, como sus preferencias para la visualizaci\u00f3n de las p\u00e1ginas de ese servidor, nombre y contrase\u00f1a,<\/p>\n<p align=\"left\">productos que m\u00e1s le interesan, etc.<\/p>\n<p align=\"center\"><b>COOKIES AFECTADAS POR LA NORMATIVA Y COOKIES EXCEPTUADAS<\/b><\/p>\n<p align=\"left\">Seg\u00fan la directiva de la UE, las cookies que requieren el consentimiento informado por parte del usuario son<\/p>\n<p align=\"left\">las cookies de anal\u00edtica y las de publicidad y afiliaci\u00f3n, quedando exceptuadas las de car\u00e1cter t\u00e9cnico y las<\/p>\n<p align=\"left\">necesarias para el funcionamiento del sitio web o la prestaci\u00f3n de servicios expresamente solicitados por el<\/p>\n<p align=\"left\">usuario.<\/p>\n<p align=\"center\"><b>TIPOS DE COOKIES<\/b><\/p>\n<p align=\"left\"><b>SEG\u00daN LA FINALIDAD<\/b><\/p>\n<p align=\"left\"><b>Cookies t\u00e9cnicas y funcionales: <\/b>son aquellas que permiten al usuario la navegaci\u00f3n a trav\u00e9s de una<\/p>\n<p align=\"left\">p\u00e1gina web, plataforma o aplicaci\u00f3n y la utilizaci\u00f3n de las diferentes opciones o servicios que en ella<\/p>\n<p align=\"left\">existan.<\/p>\n<p align=\"left\"><b>Cookies anal\u00edticas:<\/b> son aquellas que permiten al responsable de las mismas el seguimiento y an\u00e1lisis<\/p>\n<p align=\"left\">del comportamiento de los usuarios de los sitios web a los que est\u00e1n vinculadas. La informaci\u00f3n<\/p>\n<p align=\"left\">recogida mediante este tipo de cookies se utiliza en la medici\u00f3n de la actividad de los sitios web,<\/p>\n<p align=\"left\">aplicaci\u00f3n o plataforma y para la elaboraci\u00f3n de perfiles de navegaci\u00f3n de los usuarios de dichos sitios,<\/p>\n<p align=\"left\">aplicaciones y plataformas, con el fin de introducir mejoras en funci\u00f3n del an\u00e1lisis de los datos de uso<\/p>\n<p align=\"left\">que hacen los usuarios del servicio.<\/p>\n<p align=\"left\"><b>Cookies publicitarias:<\/b> son aquellas que permiten la gesti\u00f3n, de la forma m\u00e1s eficaz posible, de los<\/p>\n<p align=\"left\">espacios publicitarios que, en su caso, el editor haya incluido en una p\u00e1gina web, aplicaci\u00f3n o<\/p>\n<p align=\"left\">plataforma desde la que presta el servicio solicitado en base a criterios como el contenido editado o la<\/p>\n<p align=\"left\">frecuencia en la que se muestran los anuncios.<\/p>\n<p align=\"left\"><b>Cookies de publicidad comportamental:<\/b> recogen informaci\u00f3n sobre las preferencias y elecciones<\/p>\n<p align=\"left\">personales del usuario (retargeting) para permitir la gesti\u00f3n, de la forma m\u00e1s eficaz posible, de los<\/p>\n<p align=\"left\">espacios publicitarios que, en su caso, el editor haya incluido en una p\u00e1gina web, aplicaci\u00f3n o<\/p>\n<p align=\"left\">plataforma desde la que presta el servicio solicitado.<\/p>\n<p align=\"left\"><b>Cookies sociales:<\/b> son establecidas por las plataformas de redes sociales en los servicios para<\/p>\n<p align=\"left\">permitirle compartir contenido con sus amigos y redes. Las plataformas de medios sociales tienen la<\/p>\n<p>capacidad de rastrear su actividad en l\u00ednea fuera de los Servicios. Esto puede afectar al contenido y los<\/p>\n<p>mensajes que ve en otros servicios que visita.<\/p>\n<p><b>Cookies de afiliados:<\/b> permiten hacer un seguimiento de las visitas procedentes de otras webs, con las<\/p>\n<p>que el sitio web establece un contrato de afiliaci\u00f3n (empresas de afiliaci\u00f3n).<\/p>\n<p><b>Cookies de seguridad:<\/b> almacenan informaci\u00f3n cifrada para evitar que los datos guardados en ellas<\/p>\n<p>sean vulnerables a ataques maliciosos de terceros.<\/p>\n<p><b>SEG\u00daN LA PROPIEDAD<\/b><\/p>\n<p><b>Cookies propias: <\/b>son aquellas que se env\u00edan al equipo terminal del usuario desde un equipo o dominio<\/p>\n<p>gestionado por el propio editor y desde el que se presta el servicio solicitado por el usuario.<\/p>\n<p><b>Cookies de terceros:<\/b> son aquellas que se env\u00edan al equipo terminal del usuario desde un equipo o<\/p>\n<p>dominio que no es gestionado por el editor, sino por otra entidad que trata los datos obtenidos trav\u00e9s de<\/p>\n<p>las cookies.<\/p>\n<p><b>SEG\u00daN EL PLAZO DE CONSERVACI\u00d3N<\/b><\/p>\n<p><b>Cookies de sesi\u00f3n:<\/b> son un tipo de cookies dise\u00f1adas para recabar y almacenar datos mientras el<\/p>\n<p>usuario accede a una p\u00e1gina web.<\/p>\n<p><b>Cookies persistentes: <\/b>son un tipo de cookies en el que los datos siguen almacenados en el terminal y<\/p>\n<p>pueden ser accedidos y tratados durante un per\u00edodo definido por el responsable de la cookie, y que<\/p>\n<p>puede ir de unos minutos a varios a\u00f1os.<\/p>\n<p><b>TRATAMIENTO DE DATOS PERSONALES<\/b><\/p>\n<p>Ma del Carmen de la Cerda S\u00e1nchez es el <b>Responsable del tratamiento<\/b> de los datos personales del<\/p>\n<p><b>Interesado<\/b> y le informa de que estos datos ser\u00e1n tratados de conformidad con lo dispuesto en el Reglamento<\/p>\n<p>(UE) 2016\/679, de 27 de abril de 2016 (GDPR), por lo que se le facilita la siguiente informaci\u00f3n del tratamiento:<\/p>\n<p><b>Fines del tratamiento:<\/b> seg\u00fan se especifica en el apartado de cookies que se utilizan en este sitio web.<\/p>\n<p><b>Legitimaci\u00f3n del tratamiento:<\/b> salvo en los casos en los que resulte necesario para la navegaci\u00f3n por la web,<\/p>\n<p>por consentimiento del interesado (art. 6.1.a GDPR).<\/p>\n<p><b>Criterios de conservaci\u00f3n de los datos: <\/b>seg\u00fan se especifica en el apartado de cookies utilizadas en la web.<\/p>\n<p><b>Comunicaci\u00f3n de los datos:<\/b> no se comunicar\u00e1n los datos a terceros, excepto en cookies propiedad de<\/p>\n<p>terceros o por obligaci\u00f3n legal.<\/p>\n<p><b>Derechos que asisten al Interesado:<\/b><\/p>\n<p>&#8211; Derecho a retirar el consentimiento en cualquier momento.<\/p>\n<p>&#8211; Derecho de acceso, rectificaci\u00f3n, portabilidad y supresi\u00f3n de sus datos, y de limitaci\u00f3n u oposici\u00f3n a su<\/p>\n<p>tratamiento.<\/p>\n<p>&#8211; Derecho a presentar una reclamaci\u00f3n ante la Autoridad de control (www.aepd.es) si considera que el<\/p>\n<p>tratamiento no se ajusta a la normativa vigente.<\/p>\n<p><b>Datos de contacto para ejercer sus derechos:<\/b><\/p>\n<p>Ma del Carmen de la Cerda S\u00e1nchez. Calle Doce de Octubre, 2 &#8211; 37008 Salamanca (Salamanca). E-mail:<\/p>\n<p>carmendlc.psicologia@gmail.com<\/p>\n<p align=\"center\"><b>COOKIES UTILIZADAS EN ESTE SITIO WEB <\/b><\/p>\n<p align=\"center\"><b>COOKIES CONTROLADAS POR EL EDITOR <\/b><\/p>\n<p align=\"center\"><b>T\u00e9cnicas y funcionales <\/b><\/p>\n<p>&nbsp;<\/p>\n<\/div><div class=\"fusion-image-element \" style=\"--awb-caption-title-font-family:var(--h2_typography-font-family);--awb-caption-title-font-weight:var(--h2_typography-font-weight);--awb-caption-title-font-style:var(--h2_typography-font-style);--awb-caption-title-size:var(--h2_typography-font-size);--awb-caption-title-transform:var(--h2_typography-text-transform);--awb-caption-title-line-height:var(--h2_typography-line-height);--awb-caption-title-letter-spacing:var(--h2_typography-letter-spacing);\"><span class=\" fusion-imageframe imageframe-none imageframe-1 hover-type-none\"><img decoding=\"async\" width=\"1292\" height=\"570\" title=\"Captura de pantalla 2024-06-05 a las 11.27.47\" src=\"https:\/\/carmendelacerdapsicologia.com\/wp-content\/uploads\/2024\/06\/Captura-de-pantalla-2024-06-05-a-las-11.27.47.png\" data-orig-src=\"http:\/\/carmendelacerdapsicologia.com\/wp-content\/uploads\/2024\/06\/Captura-de-pantalla-2024-06-05-a-las-11.27.47.png\" alt class=\"lazyload img-responsive wp-image-1535\" srcset=\"data:image\/svg+xml,%3Csvg%20xmlns%3D%27http%3A%2F%2Fwww.w3.org%2F2000%2Fsvg%27%20width%3D%271292%27%20height%3D%27570%27%20viewBox%3D%270%200%201292%20570%27%3E%3Crect%20width%3D%271292%27%20height%3D%27570%27%20fill-opacity%3D%220%22%2F%3E%3C%2Fsvg%3E\" data-srcset=\"https:\/\/carmendelacerdapsicologia.com\/wp-content\/uploads\/2024\/06\/Captura-de-pantalla-2024-06-05-a-las-11.27.47-200x88.png 200w, https:\/\/carmendelacerdapsicologia.com\/wp-content\/uploads\/2024\/06\/Captura-de-pantalla-2024-06-05-a-las-11.27.47-400x176.png 400w, https:\/\/carmendelacerdapsicologia.com\/wp-content\/uploads\/2024\/06\/Captura-de-pantalla-2024-06-05-a-las-11.27.47-600x265.png 600w, https:\/\/carmendelacerdapsicologia.com\/wp-content\/uploads\/2024\/06\/Captura-de-pantalla-2024-06-05-a-las-11.27.47-800x353.png 800w, https:\/\/carmendelacerdapsicologia.com\/wp-content\/uploads\/2024\/06\/Captura-de-pantalla-2024-06-05-a-las-11.27.47-1200x529.png 1200w, https:\/\/carmendelacerdapsicologia.com\/wp-content\/uploads\/2024\/06\/Captura-de-pantalla-2024-06-05-a-las-11.27.47.png 1292w\" data-sizes=\"auto\" data-orig-sizes=\"(max-width: 640px) 100vw, 1200px\" \/><\/span><\/div><div class=\"fusion-text fusion-text-2\"><p><b>COOKIES DE TERCEROS<\/b><\/p>\n<p>Los servicios de terceros son ajenos al control del editor. Los proveedores pueden modificar en todo momento sus condiciones de servicio, finalidad y utilizaci\u00f3n de las cookies, etc.<\/p>\n<p><b>Proveedores externos de este sitio web:<\/b><\/p>\n<p>No se instalan cookies controladas por terceros<\/p>\n<p><b>PANEL DE CONFIGURACI\u00d3N DE COOKIES<\/b><\/p>\n<p>Desde este panel podr\u00e1 configurar las cookies que el sitio web puede instalar en su navegador, excepto las cookies t\u00e9cnicas o funcionales que son necesarias para la navegaci\u00f3n y la utilizaci\u00f3n de las diferentes opciones o servicios que se ofrecen.<\/p>\n<p><b>C\u00d3MO GESTIONAR LAS COOKIES DESDE EL NAVEGADOR <\/b><\/p>\n<p>Las cookies que ya est\u00e1n en un dispositivo se pueden eliminar borrando el historial del <\/p>\n<p><b>Eliminar las cookies del dispositivo <\/b><\/p>\n<p>navegador, con lo que se suprimen las cookies de todos los sitios web visitados. Sin embargo, tambi\u00e9n se puede perder parte de la informaci\u00f3n guardada (por ejemplo, los datos de inicio de sesi\u00f3n o las preferencias de sitio web).<\/p>\n<\/p>\n<p><b>Gestionar las cookies espec\u00edficas del sitio <\/b><\/p>\n<p><b>Bloquear las cookies <\/b><\/p>\n<p>Para tener un control m\u00e1s preciso de las cookies espec\u00edficas de cada sitio, los usuarios pueden ajustar su configuraci\u00f3n de privacidad y cookies en el navegador. <\/p>\n<p>Aunque la mayor\u00eda de los navegadores modernos se pueden configurar para evitar que se instalen cookies en los dispositivos, eso puede obligar al ajuste manual de determinadas preferencias cada vez que se visite un sitio o p\u00e1gina. Adem\u00e1s, algunos servicios y caracter\u00edsticas pueden no funcionar correctamente (por ejemplo, los inicios de sesi\u00f3n con perfil). <\/p>\n<p><b>C\u00d3MO ELIMINAR LAS COOKIES DE LOS NAVEGADORES M\u00c1S COMUNES <\/b><\/p>\n<p><b>Chrome<\/b> http:\/\/support.google.com\/chrome\/answer\/95647?hl=es <\/p>\n<p><b>Edge<\/b> https:\/\/support.microsoft.com\/es-es\/microsoft-edge\/eliminar-las-cookies-en-microsoft-edge-63947406-40ac-c3b8-57b9-2a946a29ae09 Explorer https:\/\/support.microsoft.com\/es-es\/help\/278835\/how-to-delete-cookie-files-in-internet-explorer <\/p>\n<p><b>Firefox<\/b> https:\/\/www.mozilla.org\/es-ES\/privacy\/websites\/#cookies <\/p>\n<p><b>Safari<\/b> https:\/\/support.apple.com\/es-es\/guide\/safari\/sfri11471\/mac <\/p>\n<p><b>Opera<\/b> https:\/\/help.opera.com\/en\/latest\/security-and-privacy\/#clearBrowsingData<\/p><\/p>\n<\/div><\/div><\/div><\/div><\/div>\n","protected":false},"excerpt":{"rendered":"","protected":false},"author":2,"featured_media":0,"parent":0,"menu_order":0,"comment_status":"closed","ping_status":"closed","template":"100-width.php","meta":{"footnotes":""},"class_list":["post-1532","page","type-page","status-publish","hentry"],"_links":{"self":[{"href":"https:\/\/carmendelacerdapsicologia.com\/index.php\/wp-json\/wp\/v2\/pages\/1532","targetHints":{"allow":["GET"]}}],"collection":[{"href":"https:\/\/carmendelacerdapsicologia.com\/index.php\/wp-json\/wp\/v2\/pages"}],"about":[{"href":"https:\/\/carmendelacerdapsicologia.com\/index.php\/wp-json\/wp\/v2\/types\/page"}],"author":[{"embeddable":true,"href":"https:\/\/carmendelacerdapsicologia.com\/index.php\/wp-json\/wp\/v2\/users\/2"}],"replies":[{"embeddable":true,"href":"https:\/\/carmendelacerdapsicologia.com\/index.php\/wp-json\/wp\/v2\/comments?post=1532"}],"version-history":[{"count":5,"href":"https:\/\/carmendelacerdapsicologia.com\/index.php\/wp-json\/wp\/v2\/pages\/1532\/revisions"}],"predecessor-version":[{"id":1590,"href":"https:\/\/carmendelacerdapsicologia.com\/index.php\/wp-json\/wp\/v2\/pages\/1532\/revisions\/1590"}],"wp:attachment":[{"href":"https:\/\/carmendelacerdapsicologia.com\/index.php\/wp-json\/wp\/v2\/media?parent=1532"}],"curies":[{"name":"wp","href":"https:\/\/api.w.org\/{rel}","templated":true}]}}